{"id":1117076,"date":"2025-03-19T11:48:58","date_gmt":"2025-03-19T10:48:58","guid":{"rendered":"https:\/\/myfood.eu\/unternehmen-projekttraeger\/"},"modified":"2025-04-24T15:35:48","modified_gmt":"2025-04-24T14:35:48","slug":"unternehmen-immobilienfoerderer","status":"publish","type":"page","link":"https:\/\/myfood.eu\/de\/unternehmen-immobilienfoerderer\/","title":{"rendered":"Unternehmen &amp; Immobilienf\u00f6rderer"},"content":{"rendered":"","protected":false},"excerpt":{"rendered":"","protected":false},"author":2,"featured_media":1115924,"parent":0,"menu_order":0,"comment_status":"closed","ping_status":"closed","template":"","meta":{"footnotes":""},"class_list":["post-1117076","page","type-page","status-publish","has-post-thumbnail","hentry"],"yoast_head":"<!-- This site is optimized with the Yoast SEO plugin v24.7 - https:\/\/yoast.com\/wordpress\/plugins\/seo\/ -->\n<title>Unternehmen &amp; Immobilienf\u00f6rderer - myfood - Serre innovante et Permaculture<\/title>\n<meta name=\"description\" content=\"Unternehmen und Immobilienf\u00f6rderer: F\u00f6rderung der Schaffung sozialer Verbindungen mit einem innovativen Gew\u00e4chshaus Myfood\" \/>\n<meta name=\"robots\" content=\"index, follow, max-snippet:-1, max-image-preview:large, max-video-preview:-1\" \/>\n<link rel=\"canonical\" href=\"https:\/\/myfood.eu\/de\/unternehmen-immobilienfoerderer\/\" \/>\n<meta property=\"og:locale\" content=\"de_DE\" \/>\n<meta property=\"og:type\" content=\"article\" \/>\n<meta property=\"og:title\" content=\"Unternehmen &amp; Immobilienf\u00f6rderer - myfood - Serre innovante et Permaculture\" \/>\n<meta property=\"og:description\" content=\"Unternehmen und Immobilienf\u00f6rderer: F\u00f6rderung der Schaffung sozialer Verbindungen mit einem innovativen Gew\u00e4chshaus Myfood\" \/>\n<meta property=\"og:url\" content=\"https:\/\/myfood.eu\/de\/unternehmen-immobilienfoerderer\/\" \/>\n<meta property=\"og:site_name\" content=\"myfood - Serre innovante et Permaculture\" \/>\n<meta property=\"article:modified_time\" content=\"2025-04-24T14:35:48+00:00\" \/>\n<meta property=\"og:image\" content=\"https:\/\/myfood.eu\/wp-content\/uploads\/2025\/03\/page-entreprise-et-promoteur-5.jpg\" \/>\n\t<meta property=\"og:image:width\" content=\"1920\" \/>\n\t<meta property=\"og:image:height\" content=\"1080\" \/>\n\t<meta property=\"og:image:type\" content=\"image\/jpeg\" \/>\n<meta name=\"twitter:card\" content=\"summary_large_image\" \/>\n<meta name=\"twitter:label1\" content=\"Gesch\u00e4tzte Lesezeit\" \/>\n\t<meta name=\"twitter:data1\" content=\"1\u00a0Minute\" \/>\n<script type=\"application\/ld+json\" class=\"yoast-schema-graph\">{\"@context\":\"https:\/\/schema.org\",\"@graph\":[{\"@type\":\"WebPage\",\"@id\":\"https:\/\/myfood.eu\/de\/unternehmen-immobilienfoerderer\/\",\"url\":\"https:\/\/myfood.eu\/de\/unternehmen-immobilienfoerderer\/\",\"name\":\"Unternehmen &amp; Immobilienf\u00f6rderer - myfood - Serre innovante et Permaculture\",\"isPartOf\":{\"@id\":\"https:\/\/myfood.eu\/de\/#website\"},\"primaryImageOfPage\":{\"@id\":\"https:\/\/myfood.eu\/de\/unternehmen-immobilienfoerderer\/#primaryimage\"},\"image\":{\"@id\":\"https:\/\/myfood.eu\/de\/unternehmen-immobilienfoerderer\/#primaryimage\"},\"thumbnailUrl\":\"\/wp-content\/uploads\/2025\/03\/page-entreprise-et-promoteur-5.jpg\",\"datePublished\":\"2025-03-19T10:48:58+00:00\",\"dateModified\":\"2025-04-24T14:35:48+00:00\",\"description\":\"Unternehmen und Immobilienf\u00f6rderer: F\u00f6rderung der Schaffung sozialer Verbindungen mit einem innovativen Gew\u00e4chshaus Myfood\",\"breadcrumb\":{\"@id\":\"https:\/\/myfood.eu\/de\/unternehmen-immobilienfoerderer\/#breadcrumb\"},\"inLanguage\":\"de\",\"potentialAction\":[{\"@type\":\"ReadAction\",\"target\":[\"https:\/\/myfood.eu\/de\/unternehmen-immobilienfoerderer\/\"]}]},{\"@type\":\"ImageObject\",\"inLanguage\":\"de\",\"@id\":\"https:\/\/myfood.eu\/de\/unternehmen-immobilienfoerderer\/#primaryimage\",\"url\":\"\/wp-content\/uploads\/2025\/03\/page-entreprise-et-promoteur-5.jpg\",\"contentUrl\":\"\/wp-content\/uploads\/2025\/03\/page-entreprise-et-promoteur-5.jpg\",\"width\":1920,\"height\":1080},{\"@type\":\"BreadcrumbList\",\"@id\":\"https:\/\/myfood.eu\/de\/unternehmen-immobilienfoerderer\/#breadcrumb\",\"itemListElement\":[{\"@type\":\"ListItem\",\"position\":1,\"name\":\"Home\",\"item\":\"https:\/\/myfood.eu\/de\/\"},{\"@type\":\"ListItem\",\"position\":2,\"name\":\"Unternehmen &amp; Immobilienf\u00f6rderer\"}]},{\"@type\":\"WebSite\",\"@id\":\"https:\/\/myfood.eu\/de\/#website\",\"url\":\"https:\/\/myfood.eu\/de\/\",\"name\":\"myfood - Serre innovante et Permaculture\",\"description\":\"Se reconnecter \u00e0 son alimentation\",\"potentialAction\":[{\"@type\":\"SearchAction\",\"target\":{\"@type\":\"EntryPoint\",\"urlTemplate\":\"https:\/\/myfood.eu\/de\/?s={search_term_string}\"},\"query-input\":{\"@type\":\"PropertyValueSpecification\",\"valueRequired\":true,\"valueName\":\"search_term_string\"}}],\"inLanguage\":\"de\"}]}<\/script>\n<!-- \/ Yoast SEO plugin. -->","yoast_head_json":{"title":"Unternehmen &amp; Immobilienf\u00f6rderer - myfood - Serre innovante et Permaculture","description":"Unternehmen und Immobilienf\u00f6rderer: F\u00f6rderung der Schaffung sozialer Verbindungen mit einem innovativen Gew\u00e4chshaus Myfood","robots":{"index":"index","follow":"follow","max-snippet":"max-snippet:-1","max-image-preview":"max-image-preview:large","max-video-preview":"max-video-preview:-1"},"canonical":"https:\/\/myfood.eu\/de\/unternehmen-immobilienfoerderer\/","og_locale":"de_DE","og_type":"article","og_title":"Unternehmen &amp; Immobilienf\u00f6rderer - myfood - Serre innovante et Permaculture","og_description":"Unternehmen und Immobilienf\u00f6rderer: F\u00f6rderung der Schaffung sozialer Verbindungen mit einem innovativen Gew\u00e4chshaus Myfood","og_url":"https:\/\/myfood.eu\/de\/unternehmen-immobilienfoerderer\/","og_site_name":"myfood - Serre innovante et Permaculture","article_modified_time":"2025-04-24T14:35:48+00:00","og_image":[{"width":1920,"height":1080,"url":"https:\/\/myfood.eu\/wp-content\/uploads\/2025\/03\/page-entreprise-et-promoteur-5.jpg","type":"image\/jpeg"}],"twitter_card":"summary_large_image","twitter_misc":{"Gesch\u00e4tzte Lesezeit":"1\u00a0Minute"},"schema":{"@context":"https:\/\/schema.org","@graph":[{"@type":"WebPage","@id":"https:\/\/myfood.eu\/de\/unternehmen-immobilienfoerderer\/","url":"https:\/\/myfood.eu\/de\/unternehmen-immobilienfoerderer\/","name":"Unternehmen &amp; Immobilienf\u00f6rderer - myfood - Serre innovante et Permaculture","isPartOf":{"@id":"https:\/\/myfood.eu\/de\/#website"},"primaryImageOfPage":{"@id":"https:\/\/myfood.eu\/de\/unternehmen-immobilienfoerderer\/#primaryimage"},"image":{"@id":"https:\/\/myfood.eu\/de\/unternehmen-immobilienfoerderer\/#primaryimage"},"thumbnailUrl":"\/wp-content\/uploads\/2025\/03\/page-entreprise-et-promoteur-5.jpg","datePublished":"2025-03-19T10:48:58+00:00","dateModified":"2025-04-24T14:35:48+00:00","description":"Unternehmen und Immobilienf\u00f6rderer: F\u00f6rderung der Schaffung sozialer Verbindungen mit einem innovativen Gew\u00e4chshaus Myfood","breadcrumb":{"@id":"https:\/\/myfood.eu\/de\/unternehmen-immobilienfoerderer\/#breadcrumb"},"inLanguage":"de","potentialAction":[{"@type":"ReadAction","target":["https:\/\/myfood.eu\/de\/unternehmen-immobilienfoerderer\/"]}]},{"@type":"ImageObject","inLanguage":"de","@id":"https:\/\/myfood.eu\/de\/unternehmen-immobilienfoerderer\/#primaryimage","url":"\/wp-content\/uploads\/2025\/03\/page-entreprise-et-promoteur-5.jpg","contentUrl":"\/wp-content\/uploads\/2025\/03\/page-entreprise-et-promoteur-5.jpg","width":1920,"height":1080},{"@type":"BreadcrumbList","@id":"https:\/\/myfood.eu\/de\/unternehmen-immobilienfoerderer\/#breadcrumb","itemListElement":[{"@type":"ListItem","position":1,"name":"Home","item":"https:\/\/myfood.eu\/de\/"},{"@type":"ListItem","position":2,"name":"Unternehmen &amp; Immobilienf\u00f6rderer"}]},{"@type":"WebSite","@id":"https:\/\/myfood.eu\/de\/#website","url":"https:\/\/myfood.eu\/de\/","name":"myfood - Serre innovante et Permaculture","description":"Se reconnecter \u00e0 son alimentation","potentialAction":[{"@type":"SearchAction","target":{"@type":"EntryPoint","urlTemplate":"https:\/\/myfood.eu\/de\/?s={search_term_string}"},"query-input":{"@type":"PropertyValueSpecification","valueRequired":true,"valueName":"search_term_string"}}],"inLanguage":"de"}]}},"_links":{"self":[{"href":"https:\/\/myfood.eu\/de\/wp-json\/wp\/v2\/pages\/1117076","targetHints":{"allow":["GET"]}}],"collection":[{"href":"https:\/\/myfood.eu\/de\/wp-json\/wp\/v2\/pages"}],"about":[{"href":"https:\/\/myfood.eu\/de\/wp-json\/wp\/v2\/types\/page"}],"author":[{"embeddable":true,"href":"https:\/\/myfood.eu\/de\/wp-json\/wp\/v2\/users\/2"}],"replies":[{"embeddable":true,"href":"https:\/\/myfood.eu\/de\/wp-json\/wp\/v2\/comments?post=1117076"}],"version-history":[{"count":1,"href":"https:\/\/myfood.eu\/de\/wp-json\/wp\/v2\/pages\/1117076\/revisions"}],"predecessor-version":[{"id":1117237,"href":"https:\/\/myfood.eu\/de\/wp-json\/wp\/v2\/pages\/1117076\/revisions\/1117237"}],"wp:featuredmedia":[{"embeddable":true,"href":"https:\/\/myfood.eu\/de\/wp-json\/wp\/v2\/media\/1115924"}],"wp:attachment":[{"href":"https:\/\/myfood.eu\/de\/wp-json\/wp\/v2\/media?parent=1117076"}],"curies":[{"name":"wp","href":"https:\/\/api.w.org\/{rel}","templated":true}]}}