{"id":1117170,"date":"2025-03-28T15:10:35","date_gmt":"2025-03-28T14:10:35","guid":{"rendered":"https:\/\/myfood.eu\/entdecken-sie-das-innovative-gewaechshaus\/"},"modified":"2025-12-16T16:04:22","modified_gmt":"2025-12-16T15:04:22","slug":"entdecken-sie-das-innovative-gewaechshaus","status":"publish","type":"page","link":"https:\/\/myfood.eu\/de\/entdecken-sie-das-innovative-gewaechshaus\/","title":{"rendered":"Entdecken Sie das innovative Gew\u00e4chshaus"},"content":{"rendered":"","protected":false},"excerpt":{"rendered":"","protected":false},"author":1,"featured_media":1115786,"parent":0,"menu_order":0,"comment_status":"closed","ping_status":"closed","template":"","meta":{"footnotes":""},"class_list":["post-1117170","page","type-page","status-publish","has-post-thumbnail","hentry"],"yoast_head":"<!-- This site is optimized with the Yoast SEO plugin v24.7 - https:\/\/yoast.com\/wordpress\/plugins\/seo\/ -->\n<title>Entdecken Sie das innovative Gew\u00e4chshaus - myfood - Serre innovante et Permaculture<\/title>\n<meta name=\"description\" content=\"Myfood revolutioniert Ihre Gartenarbeit mit seinem innovativen Gew\u00e4chshaus. Bauen Sie das ganze Jahr \u00fcber frisches, gesundes und pestizidfreies Gem\u00fcse an.\" \/>\n<meta name=\"robots\" content=\"index, follow, max-snippet:-1, max-image-preview:large, max-video-preview:-1\" \/>\n<link rel=\"canonical\" href=\"https:\/\/myfood.eu\/de\/entdecken-sie-das-innovative-gewaechshaus\/\" \/>\n<meta property=\"og:locale\" content=\"de_DE\" \/>\n<meta property=\"og:type\" content=\"article\" \/>\n<meta property=\"og:title\" content=\"Entdecken Sie das innovative Gew\u00e4chshaus - myfood - Serre innovante et Permaculture\" \/>\n<meta property=\"og:description\" content=\"Myfood revolutioniert Ihre Gartenarbeit mit seinem innovativen Gew\u00e4chshaus. Bauen Sie das ganze Jahr \u00fcber frisches, gesundes und pestizidfreies Gem\u00fcse an.\" \/>\n<meta property=\"og:url\" content=\"https:\/\/myfood.eu\/de\/entdecken-sie-das-innovative-gewaechshaus\/\" \/>\n<meta property=\"og:site_name\" content=\"myfood - Serre innovante et Permaculture\" \/>\n<meta property=\"article:modified_time\" content=\"2025-12-16T15:04:22+00:00\" \/>\n<meta property=\"og:image\" content=\"https:\/\/myfood-61b028269c-adhzhdbbh9gpahcz.z01.azurefd.net\/blobmyfood61b028269c\/wp-content\/uploads\/2025\/03\/myfood-serres-innovantes-aquaponiques.jpg\" \/>\n\t<meta property=\"og:image:width\" content=\"1920\" \/>\n\t<meta property=\"og:image:height\" content=\"1080\" \/>\n\t<meta property=\"og:image:type\" content=\"image\/jpeg\" \/>\n<meta name=\"twitter:card\" content=\"summary_large_image\" \/>\n<meta name=\"twitter:label1\" content=\"Gesch\u00e4tzte Lesezeit\" \/>\n\t<meta name=\"twitter:data1\" content=\"1\u00a0Minute\" \/>\n<script type=\"application\/ld+json\" class=\"yoast-schema-graph\">{\"@context\":\"https:\/\/schema.org\",\"@graph\":[{\"@type\":\"WebPage\",\"@id\":\"https:\/\/myfood.eu\/de\/entdecken-sie-das-innovative-gewaechshaus\/\",\"url\":\"https:\/\/myfood.eu\/de\/entdecken-sie-das-innovative-gewaechshaus\/\",\"name\":\"Entdecken Sie das innovative Gew\u00e4chshaus - myfood - Serre innovante et Permaculture\",\"isPartOf\":{\"@id\":\"https:\/\/myfood.eu\/de\/#website\"},\"primaryImageOfPage\":{\"@id\":\"https:\/\/myfood.eu\/de\/entdecken-sie-das-innovative-gewaechshaus\/#primaryimage\"},\"image\":{\"@id\":\"https:\/\/myfood.eu\/de\/entdecken-sie-das-innovative-gewaechshaus\/#primaryimage\"},\"thumbnailUrl\":\"\/wp-content\/uploads\/2025\/03\/myfood-serres-innovantes-aquaponiques.jpg\",\"datePublished\":\"2025-03-28T14:10:35+00:00\",\"dateModified\":\"2025-12-16T15:04:22+00:00\",\"description\":\"Myfood revolutioniert Ihre Gartenarbeit mit seinem innovativen Gew\u00e4chshaus. Bauen Sie das ganze Jahr \u00fcber frisches, gesundes und pestizidfreies Gem\u00fcse an.\",\"breadcrumb\":{\"@id\":\"https:\/\/myfood.eu\/de\/entdecken-sie-das-innovative-gewaechshaus\/#breadcrumb\"},\"inLanguage\":\"de\",\"potentialAction\":[{\"@type\":\"ReadAction\",\"target\":[\"https:\/\/myfood.eu\/de\/entdecken-sie-das-innovative-gewaechshaus\/\"]}]},{\"@type\":\"ImageObject\",\"inLanguage\":\"de\",\"@id\":\"https:\/\/myfood.eu\/de\/entdecken-sie-das-innovative-gewaechshaus\/#primaryimage\",\"url\":\"\/wp-content\/uploads\/2025\/03\/myfood-serres-innovantes-aquaponiques.jpg\",\"contentUrl\":\"\/wp-content\/uploads\/2025\/03\/myfood-serres-innovantes-aquaponiques.jpg\",\"width\":1920,\"height\":1080},{\"@type\":\"BreadcrumbList\",\"@id\":\"https:\/\/myfood.eu\/de\/entdecken-sie-das-innovative-gewaechshaus\/#breadcrumb\",\"itemListElement\":[{\"@type\":\"ListItem\",\"position\":1,\"name\":\"Home\",\"item\":\"https:\/\/myfood.eu\/de\/\"},{\"@type\":\"ListItem\",\"position\":2,\"name\":\"Entdecken Sie das innovative Gew\u00e4chshaus\"}]},{\"@type\":\"WebSite\",\"@id\":\"https:\/\/myfood.eu\/de\/#website\",\"url\":\"https:\/\/myfood.eu\/de\/\",\"name\":\"myfood - Serre innovante et Permaculture\",\"description\":\"Se reconnecter \u00e0 son alimentation\",\"potentialAction\":[{\"@type\":\"SearchAction\",\"target\":{\"@type\":\"EntryPoint\",\"urlTemplate\":\"https:\/\/myfood.eu\/de\/?s={search_term_string}\"},\"query-input\":{\"@type\":\"PropertyValueSpecification\",\"valueRequired\":true,\"valueName\":\"search_term_string\"}}],\"inLanguage\":\"de\"}]}<\/script>\n<!-- \/ Yoast SEO plugin. -->","yoast_head_json":{"title":"Entdecken Sie das innovative Gew\u00e4chshaus - myfood - Serre innovante et Permaculture","description":"Myfood revolutioniert Ihre Gartenarbeit mit seinem innovativen Gew\u00e4chshaus. Bauen Sie das ganze Jahr \u00fcber frisches, gesundes und pestizidfreies Gem\u00fcse an.","robots":{"index":"index","follow":"follow","max-snippet":"max-snippet:-1","max-image-preview":"max-image-preview:large","max-video-preview":"max-video-preview:-1"},"canonical":"https:\/\/myfood.eu\/de\/entdecken-sie-das-innovative-gewaechshaus\/","og_locale":"de_DE","og_type":"article","og_title":"Entdecken Sie das innovative Gew\u00e4chshaus - myfood - Serre innovante et Permaculture","og_description":"Myfood revolutioniert Ihre Gartenarbeit mit seinem innovativen Gew\u00e4chshaus. Bauen Sie das ganze Jahr \u00fcber frisches, gesundes und pestizidfreies Gem\u00fcse an.","og_url":"https:\/\/myfood.eu\/de\/entdecken-sie-das-innovative-gewaechshaus\/","og_site_name":"myfood - Serre innovante et Permaculture","article_modified_time":"2025-12-16T15:04:22+00:00","og_image":[{"width":1920,"height":1080,"url":"https:\/\/myfood-61b028269c-adhzhdbbh9gpahcz.z01.azurefd.net\/blobmyfood61b028269c\/wp-content\/uploads\/2025\/03\/myfood-serres-innovantes-aquaponiques.jpg","type":"image\/jpeg"}],"twitter_card":"summary_large_image","twitter_misc":{"Gesch\u00e4tzte Lesezeit":"1\u00a0Minute"},"schema":{"@context":"https:\/\/schema.org","@graph":[{"@type":"WebPage","@id":"https:\/\/myfood.eu\/de\/entdecken-sie-das-innovative-gewaechshaus\/","url":"https:\/\/myfood.eu\/de\/entdecken-sie-das-innovative-gewaechshaus\/","name":"Entdecken Sie das innovative Gew\u00e4chshaus - myfood - Serre innovante et Permaculture","isPartOf":{"@id":"https:\/\/myfood.eu\/de\/#website"},"primaryImageOfPage":{"@id":"https:\/\/myfood.eu\/de\/entdecken-sie-das-innovative-gewaechshaus\/#primaryimage"},"image":{"@id":"https:\/\/myfood.eu\/de\/entdecken-sie-das-innovative-gewaechshaus\/#primaryimage"},"thumbnailUrl":"\/wp-content\/uploads\/2025\/03\/myfood-serres-innovantes-aquaponiques.jpg","datePublished":"2025-03-28T14:10:35+00:00","dateModified":"2025-12-16T15:04:22+00:00","description":"Myfood revolutioniert Ihre Gartenarbeit mit seinem innovativen Gew\u00e4chshaus. Bauen Sie das ganze Jahr \u00fcber frisches, gesundes und pestizidfreies Gem\u00fcse an.","breadcrumb":{"@id":"https:\/\/myfood.eu\/de\/entdecken-sie-das-innovative-gewaechshaus\/#breadcrumb"},"inLanguage":"de","potentialAction":[{"@type":"ReadAction","target":["https:\/\/myfood.eu\/de\/entdecken-sie-das-innovative-gewaechshaus\/"]}]},{"@type":"ImageObject","inLanguage":"de","@id":"https:\/\/myfood.eu\/de\/entdecken-sie-das-innovative-gewaechshaus\/#primaryimage","url":"\/wp-content\/uploads\/2025\/03\/myfood-serres-innovantes-aquaponiques.jpg","contentUrl":"\/wp-content\/uploads\/2025\/03\/myfood-serres-innovantes-aquaponiques.jpg","width":1920,"height":1080},{"@type":"BreadcrumbList","@id":"https:\/\/myfood.eu\/de\/entdecken-sie-das-innovative-gewaechshaus\/#breadcrumb","itemListElement":[{"@type":"ListItem","position":1,"name":"Home","item":"https:\/\/myfood.eu\/de\/"},{"@type":"ListItem","position":2,"name":"Entdecken Sie das innovative Gew\u00e4chshaus"}]},{"@type":"WebSite","@id":"https:\/\/myfood.eu\/de\/#website","url":"https:\/\/myfood.eu\/de\/","name":"myfood - Serre innovante et Permaculture","description":"Se reconnecter \u00e0 son alimentation","potentialAction":[{"@type":"SearchAction","target":{"@type":"EntryPoint","urlTemplate":"https:\/\/myfood.eu\/de\/?s={search_term_string}"},"query-input":{"@type":"PropertyValueSpecification","valueRequired":true,"valueName":"search_term_string"}}],"inLanguage":"de"}]}},"_links":{"self":[{"href":"https:\/\/myfood.eu\/de\/wp-json\/wp\/v2\/pages\/1117170","targetHints":{"allow":["GET"]}}],"collection":[{"href":"https:\/\/myfood.eu\/de\/wp-json\/wp\/v2\/pages"}],"about":[{"href":"https:\/\/myfood.eu\/de\/wp-json\/wp\/v2\/types\/page"}],"author":[{"embeddable":true,"href":"https:\/\/myfood.eu\/de\/wp-json\/wp\/v2\/users\/1"}],"replies":[{"embeddable":true,"href":"https:\/\/myfood.eu\/de\/wp-json\/wp\/v2\/comments?post=1117170"}],"version-history":[{"count":1,"href":"https:\/\/myfood.eu\/de\/wp-json\/wp\/v2\/pages\/1117170\/revisions"}],"predecessor-version":[{"id":1117259,"href":"https:\/\/myfood.eu\/de\/wp-json\/wp\/v2\/pages\/1117170\/revisions\/1117259"}],"wp:featuredmedia":[{"embeddable":true,"href":"https:\/\/myfood.eu\/de\/wp-json\/wp\/v2\/media\/1115786"}],"wp:attachment":[{"href":"https:\/\/myfood.eu\/de\/wp-json\/wp\/v2\/media?parent=1117170"}],"curies":[{"name":"wp","href":"https:\/\/api.w.org\/{rel}","templated":true}]}}